{"id":978,"date":"2016-04-18T16:40:11","date_gmt":"2016-04-18T15:40:11","guid":{"rendered":"http:\/\/scierie-nogaret.com\/?page_id=978"},"modified":"2016-04-18T17:13:48","modified_gmt":"2016-04-18T16:13:48","slug":"bois-exterieur","status":"publish","type":"page","link":"https:\/\/scierie-nogaret.com\/index.php\/bois-exterieur\/","title":{"rendered":"Bois ext\u00e9rieur"},"content":{"rendered":"<div class=\"vc_row wpb_row vc_row-fluid\"><div class=\"wpb_column vc_column_container vc_col-sm-12\"><div class=\"wpb_wrapper\"><div class=\"vc_empty_space\"  style=\"height: 32px\" ><span\n\t\tclass=\"vc_empty_space_inner\"><\/span><\/div>\n<div class=\"vc_custom_heading\" ><h2 style=\"color: #013853;text-align: left;font-family:PT Serif;font-weight:700;font-style:normal\" >Bois ext\u00e9rieur<\/h2><\/div><div class=\"vc_separator wpb_content_element vc_separator_align_center vc_sep_width_100 vc_sep_pos_align_center vc_separator_no_text vc_sep_color_chino\"><span\n\t\tclass=\"vc_sep_holder vc_sep_holder_l\"><span\t\t\tclass=\"vc_sep_line\"><\/span><\/span><span\n\t\tclass=\"vc_sep_holder vc_sep_holder_r\"><span class=\"vc_sep_line\"><\/span><\/span>\n\t<\/div>\n<\/div><\/div><\/div><div class=\"vc_row wpb_row vc_row-fluid\"><div class=\"wpb_column vc_column_container vc_col-sm-3\"><div class=\"wpb_wrapper\"><\/div><\/div><div class=\"wpb_column vc_column_container vc_col-sm-3\"><div class=\"wpb_wrapper\">\n\t<div class=\"wpb_single_image wpb_content_element vc_align_left\">\n\t\t<div class=\"wpb_wrapper\">\n\t\t\t\n\t\t\t<div class=\"vc_single_image-wrapper   vc_box_border_grey\"><img width=\"500\" height=\"500\" src=\"https:\/\/scierie-nogaret.com\/wp-content\/uploads\/2016\/04\/Piquets-rondins.jpg\" class=\"vc_single_image-img attachment-full\" alt=\"\" decoding=\"async\" loading=\"lazy\" srcset=\"https:\/\/scierie-nogaret.com\/wp-content\/uploads\/2016\/04\/Piquets-rondins.jpg 500w, https:\/\/scierie-nogaret.com\/wp-content\/uploads\/2016\/04\/Piquets-rondins-150x150.jpg 150w, https:\/\/scierie-nogaret.com\/wp-content\/uploads\/2016\/04\/Piquets-rondins-300x300.jpg 300w, https:\/\/scierie-nogaret.com\/wp-content\/uploads\/2016\/04\/Piquets-rondins-100x100.jpg 100w\" sizes=\"(max-width: 500px) 100vw, 500px\" \/><\/div>\n\t\t<\/div>\n\t<\/div>\n<div class=\"vc_empty_space\"  style=\"height: 20px\" ><span\n\t\tclass=\"vc_empty_space_inner\"><\/span><\/div>\n<\/div><\/div><div class=\"wpb_column vc_column_container vc_col-sm-6\"><div class=\"wpb_wrapper\"><div class=\"vc_custom_heading\" ><h2 style=\"font-size: 18px;color: #013853;text-align: left\" >Piquet tourn\u00e9 trait\u00e9 autoclave classe IV :<\/h2><\/div><div class=\"vc_custom_heading\" ><h2 style=\"font-size: 14px;color: #013853;text-align: left;font-family:PT Serif;font-weight:700;font-style:normal\" >\u2022 Diam 6 cm en 2 et 2.50 m<br \/>\n\u2022 Diam 8 cm en 2 et 2.50 m<\/h2><\/div><div class=\"vc_empty_space\"  style=\"height: 7px\" ><span\n\t\tclass=\"vc_empty_space_inner\"><\/span><\/div>\n<div class=\"vc_custom_heading\" ><h2 style=\"font-size: 18px;color: #013853;text-align: left\" >Rondin tourn\u00e9 trait\u00e9 autoclave classe IV :<\/h2><\/div><div class=\"vc_custom_heading\" ><h2 style=\"font-size: 14px;color: #013853;text-align: left;font-family:PT Serif;font-weight:700;font-style:normal\" >\u2022 Diam 8 cm en 2 - 2.50 et 3 m<br \/>\n\u2022 Diam 10 cm en 3 et 4 m<br \/>\n\u2022 Diam 12 cm en 3 et 4 m<br \/>\n- Diam 14 cm en 3 m<br \/>\n\u2022 Diam 16 cm en 3 m<br \/>\n<\/h2><\/div><div class=\"vc_btn3-container  wpb_animate_when_almost_visible wpb_top-to-bottom vc_btn3-left\"><a class=\"vc_general vc_btn3 vc_btn3-size-md vc_btn3-shape-square vc_btn3-style-classic vc_btn3-color-grey\" href=\"https:\/\/scierie-nogaret.com\/index.php\/contact-us\/\" title=\"\" target=\"_self\">Nous contacter<\/a><\/div>\n<\/div><\/div><div class=\"wpb_column vc_column_container vc_col-sm-3\"><div class=\"wpb_wrapper\"><div class=\"vc_empty_space\"  style=\"height: 20px\" ><span\n\t\tclass=\"vc_empty_space_inner\"><\/span><\/div>\n<\/div><\/div><\/div><div class=\"vc_row wpb_row vc_row-fluid\"><div class=\"wpb_column vc_column_container vc_col-sm-3\"><div class=\"wpb_wrapper\"><div class=\"vc_empty_space\"  style=\"height: 32px\" ><span\n\t\tclass=\"vc_empty_space_inner\"><\/span><\/div>\n<\/div><\/div><div class=\"wpb_column vc_column_container vc_col-sm-3\"><div class=\"wpb_wrapper\">\n\t<div class=\"wpb_single_image wpb_content_element vc_align_left\">\n\t\t<div class=\"wpb_wrapper\">\n\t\t\t\n\t\t\t<div class=\"vc_single_image-wrapper   vc_box_border_grey\"><img width=\"500\" height=\"500\" src=\"https:\/\/scierie-nogaret.com\/wp-content\/uploads\/2016\/04\/TERRASSE3.jpg\" class=\"vc_single_image-img attachment-full\" alt=\"\" decoding=\"async\" loading=\"lazy\" srcset=\"https:\/\/scierie-nogaret.com\/wp-content\/uploads\/2016\/04\/TERRASSE3.jpg 500w, https:\/\/scierie-nogaret.com\/wp-content\/uploads\/2016\/04\/TERRASSE3-150x150.jpg 150w, https:\/\/scierie-nogaret.com\/wp-content\/uploads\/2016\/04\/TERRASSE3-300x300.jpg 300w, https:\/\/scierie-nogaret.com\/wp-content\/uploads\/2016\/04\/TERRASSE3-100x100.jpg 100w\" sizes=\"(max-width: 500px) 100vw, 500px\" \/><\/div>\n\t\t<\/div>\n\t<\/div>\n<div class=\"vc_empty_space\"  style=\"height: 20px\" ><span\n\t\tclass=\"vc_empty_space_inner\"><\/span><\/div>\n<div class=\"vc_empty_space\"  style=\"height: 20px\" ><span\n\t\tclass=\"vc_empty_space_inner\"><\/span><\/div>\n<\/div><\/div><div class=\"wpb_column vc_column_container vc_col-sm-6\"><div class=\"wpb_wrapper\"><div class=\"vc_custom_heading\" ><h2 style=\"font-size: 18px;color: #013853;text-align: left\" >Lames de terrasse<\/h2><\/div><div class=\"vc_custom_heading\" ><h2 style=\"font-size: 14px;color: #013853;text-align: left;font-family:PT Serif;font-weight:700;font-style:normal\" >PIN autoclave classe IV \u2013 lisse<br \/>\n2.2 x 9.5 cm en 2 m ou 2.50 m<br \/>\ncouleur verte<br \/>\n<\/h2><\/div><div class=\"vc_empty_space\"  style=\"height: 20px\" ><span\n\t\tclass=\"vc_empty_space_inner\"><\/span><\/div>\n<div class=\"vc_custom_heading\" ><h2 style=\"font-size: 14px;color: #013853;text-align: left;font-family:PT Serif;font-weight:700;font-style:normal\" >DOUGLAS \u2013 rainur\u00e9e<br \/>\n2.7 x 14.5 cm en 3 m<br \/>\nNaturel ou Marron (trait\u00e9 classe III)<br \/>\n<\/h2><\/div><div class=\"vc_empty_space\"  style=\"height: 32px\" ><span\n\t\tclass=\"vc_empty_space_inner\"><\/span><\/div>\n<div class=\"vc_btn3-container  wpb_animate_when_almost_visible wpb_top-to-bottom vc_btn3-left\"><a class=\"vc_general vc_btn3 vc_btn3-size-md vc_btn3-shape-square vc_btn3-style-classic vc_btn3-color-grey\" href=\"https:\/\/scierie-nogaret.com\/index.php\/contact-us\/\" title=\"\" target=\"_self\">Nous contacter<\/a><\/div>\n<\/div><\/div><\/div><div class=\"vc_row wpb_row vc_row-fluid\"><div class=\"wpb_column vc_column_container vc_col-sm-3\"><div class=\"wpb_wrapper\"><div class=\"vc_empty_space\"  style=\"height: 32px\" ><span\n\t\tclass=\"vc_empty_space_inner\"><\/span><\/div>\n<\/div><\/div><div class=\"wpb_column vc_column_container vc_col-sm-3\"><div class=\"wpb_wrapper\">\n\t<div class=\"wpb_single_image wpb_content_element vc_align_left\">\n\t\t<div class=\"wpb_wrapper\">\n\t\t\t\n\t\t\t<div class=\"vc_single_image-wrapper   vc_box_border_grey\"><img width=\"500\" height=\"500\" src=\"https:\/\/scierie-nogaret.com\/wp-content\/uploads\/2016\/04\/Bardage.jpg\" class=\"vc_single_image-img attachment-full\" alt=\"\" decoding=\"async\" loading=\"lazy\" srcset=\"https:\/\/scierie-nogaret.com\/wp-content\/uploads\/2016\/04\/Bardage.jpg 500w, https:\/\/scierie-nogaret.com\/wp-content\/uploads\/2016\/04\/Bardage-150x150.jpg 150w, https:\/\/scierie-nogaret.com\/wp-content\/uploads\/2016\/04\/Bardage-300x300.jpg 300w, https:\/\/scierie-nogaret.com\/wp-content\/uploads\/2016\/04\/Bardage-100x100.jpg 100w\" sizes=\"(max-width: 500px) 100vw, 500px\" \/><\/div>\n\t\t<\/div>\n\t<\/div>\n<div class=\"vc_empty_space\"  style=\"height: 20px\" ><span\n\t\tclass=\"vc_empty_space_inner\"><\/span><\/div>\n<div class=\"vc_empty_space\"  style=\"height: 20px\" ><span\n\t\tclass=\"vc_empty_space_inner\"><\/span><\/div>\n<\/div><\/div><div class=\"wpb_column vc_column_container vc_col-sm-6\"><div class=\"wpb_wrapper\"><div class=\"vc_custom_heading\" ><h2 style=\"font-size: 18px;color: #013853;text-align: left\" >Bardage<\/h2><\/div><div class=\"vc_empty_space\"  style=\"height: 20px\" ><span\n\t\tclass=\"vc_empty_space_inner\"><\/span><\/div>\n<div class=\"vc_empty_space\"  style=\"height: 32px\" ><span\n\t\tclass=\"vc_empty_space_inner\"><\/span><\/div>\n<div class=\"vc_btn3-container  wpb_animate_when_almost_visible wpb_top-to-bottom vc_btn3-left\"><a class=\"vc_general vc_btn3 vc_btn3-size-md vc_btn3-shape-square vc_btn3-style-classic vc_btn3-color-grey\" href=\"https:\/\/scierie-nogaret.com\/index.php\/contact-us\/\" title=\"\" target=\"_self\">Nous contacter<\/a><\/div>\n<\/div><\/div><\/div><div class=\"vc_row wpb_row vc_row-fluid\"><div class=\"wpb_column vc_column_container vc_col-sm-3\"><div class=\"wpb_wrapper\"><div class=\"vc_empty_space\"  style=\"height: 32px\" ><span\n\t\tclass=\"vc_empty_space_inner\"><\/span><\/div>\n<\/div><\/div><div class=\"wpb_column vc_column_container vc_col-sm-3\"><div class=\"wpb_wrapper\"><\/div><\/div><div class=\"wpb_column vc_column_container vc_col-sm-6\"><div class=\"wpb_wrapper\"><\/div><\/div><div class=\"wpb_column vc_column_container vc_col-sm-3\"><div class=\"wpb_wrapper\"><\/div><\/div><\/div>\n","protected":false},"excerpt":{"rendered":"Bois ext\u00e9rieur Piquet tourn\u00e9 trait\u00e9 autoclave classe IV :\u2022 Diam 6 cm en 2 et 2.50 m \u2022 Diam 8 [...]","protected":false},"author":1,"featured_media":0,"parent":0,"menu_order":0,"comment_status":"closed","ping_status":"closed","template":"","meta":[],"_links":{"self":[{"href":"https:\/\/scierie-nogaret.com\/index.php\/wp-json\/wp\/v2\/pages\/978"}],"collection":[{"href":"https:\/\/scierie-nogaret.com\/index.php\/wp-json\/wp\/v2\/pages"}],"about":[{"href":"https:\/\/scierie-nogaret.com\/index.php\/wp-json\/wp\/v2\/types\/page"}],"author":[{"embeddable":true,"href":"https:\/\/scierie-nogaret.com\/index.php\/wp-json\/wp\/v2\/users\/1"}],"replies":[{"embeddable":true,"href":"https:\/\/scierie-nogaret.com\/index.php\/wp-json\/wp\/v2\/comments?post=978"}],"version-history":[{"count":7,"href":"https:\/\/scierie-nogaret.com\/index.php\/wp-json\/wp\/v2\/pages\/978\/revisions"}],"predecessor-version":[{"id":993,"href":"https:\/\/scierie-nogaret.com\/index.php\/wp-json\/wp\/v2\/pages\/978\/revisions\/993"}],"wp:attachment":[{"href":"https:\/\/scierie-nogaret.com\/index.php\/wp-json\/wp\/v2\/media?parent=978"}],"curies":[{"name":"wp","href":"https:\/\/api.w.org\/{rel}","templated":true}]}}