{"id":907,"date":"2016-04-18T10:44:42","date_gmt":"2016-04-18T09:44:42","guid":{"rendered":"http:\/\/scierie-nogaret.com\/?page_id=907"},"modified":"2016-08-24T13:50:17","modified_gmt":"2016-08-24T12:50:17","slug":"finition","status":"publish","type":"page","link":"https:\/\/scierie-nogaret.com\/index.php\/finition\/","title":{"rendered":"Finition"},"content":{"rendered":"<div class=\"vc_row wpb_row vc_row-fluid\"><div class=\"wpb_column vc_column_container vc_col-sm-4\"><div class=\"wpb_wrapper\"><div class=\"vc_custom_heading\" ><h2 style=\"text-align: left\" >Finitions<\/h2><\/div><div class=\"vc_empty_space\"  style=\"height: 32px\" ><span\n\t\tclass=\"vc_empty_space_inner\"><\/span><\/div>\n\n\t<div class=\"wpb_text_column wpb_content_element \">\n\t\t<div class=\"wpb_wrapper\">\n\t\t\t<p>Plusieurs finitions possibles\u00a0:<\/p>\n\n\t\t<\/div>\n\t<\/div>\n\n\t<div class=\"wpb_text_column wpb_content_element  vc_custom_1460976212811\">\n\t\t<div class=\"wpb_wrapper\">\n\t\t\t<ul>\n<li>Angles l\u00e9g\u00e8rement vieillis \u00e0 la plane<\/li>\n<li>Finition rustique avec les angles tr\u00e8s cass\u00e9s, rappelant les poutres anciennes<\/li>\n<li>R\u00e9alisation d&rsquo;une moulure ou d&rsquo;une coupe en angle \u00e0 l&rsquo;extr\u00e9mit\u00e9 des chevrons ou des pannes<\/li>\n<\/ul>\n\n\t\t<\/div>\n\t<\/div>\n<div class=\"vc_empty_space\"  style=\"height: 32px\" ><span\n\t\tclass=\"vc_empty_space_inner\"><\/span><\/div>\n<div class=\"vc_btn3-container  wpb_animate_when_almost_visible wpb_top-to-bottom vc_btn3-center\"><a class=\"vc_general vc_btn3 vc_btn3-size-md vc_btn3-shape-square vc_btn3-style-classic vc_btn3-color-grey\" href=\"https:\/\/scierie-nogaret.com\/index.php\/contact-us\/\" title=\"\" target=\"_self\">Nous contacter<\/a><\/div>\n<\/div><\/div><div class=\"wpb_column vc_column_container vc_col-sm-4\"><div class=\"wpb_wrapper\"><div class=\"vc_separator wpb_content_element vc_separator_align_center vc_sep_width_100 vc_sep_pos_align_center vc_separator_no_text vc_sep_color_grey\"><span\n\t\tclass=\"vc_sep_holder vc_sep_holder_l\"><span\t\t\tclass=\"vc_sep_line\"><\/span><\/span><span\n\t\tclass=\"vc_sep_holder vc_sep_holder_r\"><span class=\"vc_sep_line\"><\/span><\/span>\n\t<\/div>\n\n\t<div class=\"wpb_single_image wpb_content_element vc_align_center\">\n\t\t<div class=\"wpb_wrapper\">\n\t\t\t\n\t\t\t<div class=\"vc_single_image-wrapper   vc_box_border_grey\"><img width=\"500\" height=\"500\" src=\"https:\/\/scierie-nogaret.com\/wp-content\/uploads\/2015\/07\/FINITIONvieilli.jpg\" class=\"vc_single_image-img attachment-full\" alt=\"\" decoding=\"async\" loading=\"lazy\" srcset=\"https:\/\/scierie-nogaret.com\/wp-content\/uploads\/2015\/07\/FINITIONvieilli.jpg 500w, https:\/\/scierie-nogaret.com\/wp-content\/uploads\/2015\/07\/FINITIONvieilli-150x150.jpg 150w, https:\/\/scierie-nogaret.com\/wp-content\/uploads\/2015\/07\/FINITIONvieilli-300x300.jpg 300w, https:\/\/scierie-nogaret.com\/wp-content\/uploads\/2015\/07\/FINITIONvieilli-100x100.jpg 100w\" sizes=\"(max-width: 500px) 100vw, 500px\" \/><\/div>\n\t\t<\/div>\n\t<\/div>\n<\/div><\/div><div class=\"wpb_column vc_column_container vc_col-sm-4\"><div class=\"wpb_wrapper\"><\/div><\/div><\/div>\n","protected":false},"excerpt":{"rendered":"Finitions Plusieurs finitions possibles\u00a0: Angles l\u00e9g\u00e8rement vieillis \u00e0 la plane Finition rustique avec les angles tr\u00e8s cass\u00e9s, rappelant les poutres [...]","protected":false},"author":1,"featured_media":0,"parent":0,"menu_order":0,"comment_status":"closed","ping_status":"closed","template":"","meta":[],"_links":{"self":[{"href":"https:\/\/scierie-nogaret.com\/index.php\/wp-json\/wp\/v2\/pages\/907"}],"collection":[{"href":"https:\/\/scierie-nogaret.com\/index.php\/wp-json\/wp\/v2\/pages"}],"about":[{"href":"https:\/\/scierie-nogaret.com\/index.php\/wp-json\/wp\/v2\/types\/page"}],"author":[{"embeddable":true,"href":"https:\/\/scierie-nogaret.com\/index.php\/wp-json\/wp\/v2\/users\/1"}],"replies":[{"embeddable":true,"href":"https:\/\/scierie-nogaret.com\/index.php\/wp-json\/wp\/v2\/comments?post=907"}],"version-history":[{"count":5,"href":"https:\/\/scierie-nogaret.com\/index.php\/wp-json\/wp\/v2\/pages\/907\/revisions"}],"predecessor-version":[{"id":1021,"href":"https:\/\/scierie-nogaret.com\/index.php\/wp-json\/wp\/v2\/pages\/907\/revisions\/1021"}],"wp:attachment":[{"href":"https:\/\/scierie-nogaret.com\/index.php\/wp-json\/wp\/v2\/media?parent=907"}],"curies":[{"name":"wp","href":"https:\/\/api.w.org\/{rel}","templated":true}]}}