{"id":881,"date":"2016-04-15T14:40:14","date_gmt":"2016-04-15T13:40:14","guid":{"rendered":"http:\/\/scierie-nogaret.com\/?page_id=881"},"modified":"2016-04-19T15:17:45","modified_gmt":"2016-04-19T14:17:45","slug":"traitement","status":"publish","type":"page","link":"https:\/\/scierie-nogaret.com\/index.php\/traitement\/","title":{"rendered":"Traitement"},"content":{"rendered":"<div class=\"vc_row wpb_row vc_row-fluid\"><div class=\"wpb_column vc_column_container vc_col-sm-4\"><div class=\"wpb_wrapper\"><div class=\"vc_separator wpb_content_element vc_separator_align_center vc_sep_width_100 vc_sep_pos_align_center vc_separator_no_text vc_sep_color_grey\"><span\n\t\tclass=\"vc_sep_holder vc_sep_holder_l\"><span\t\t\tclass=\"vc_sep_line\"><\/span><\/span><span\n\t\tclass=\"vc_sep_holder vc_sep_holder_r\"><span class=\"vc_sep_line\"><\/span><\/span>\n\t<\/div>\n<div class=\"vc_custom_heading\" ><h2 style=\"text-align: left\" >Traitement<\/h2><\/div>\n\t<div class=\"wpb_text_column wpb_content_element \">\n\t\t<div class=\"wpb_wrapper\">\n\t\t\t<p>Une charpente trait\u00e9e contre les attaques de xylophages est un gage de long\u00e9vit\u00e9 pour votre construction.<\/p>\n<p>Nous vous proposons diverses options de traitement\u00a0:<\/p>\n\n\t\t<\/div>\n\t<\/div>\n\n\t<div class=\"wpb_text_column wpb_content_element \">\n\t\t<div class=\"wpb_wrapper\">\n\t\t\t<ul>\n<li>Classe II\u00a0: bois sous abri avec r\u00e9-humidification accidentelle (charpentes, solivages, \u2026)<\/li>\n<li>Classe III\u00a0: bois d\u2019ext\u00e9rieurs, sans contact avec le sol (bardages, \u2026)<\/li>\n<li>Classe IV\u00a0: Bois d\u2019ext\u00e9rieur en contact avec le sol (piquets de cl\u00f4ture, \u2026)<\/li>\n<\/ul>\n\n\t\t<\/div>\n\t<\/div>\n<\/div><\/div><div class=\"wpb_column vc_column_container vc_col-sm-4\"><div class=\"wpb_wrapper\"><div class=\"vc_empty_space\"  style=\"height: 32px\" ><span\n\t\tclass=\"vc_empty_space_inner\"><\/span><\/div>\n\n\t<div class=\"wpb_single_image wpb_content_element vc_align_center\">\n\t\t<div class=\"wpb_wrapper\">\n\t\t\t\n\t\t\t<div class=\"vc_single_image-wrapper   vc_box_border_grey\"><img width=\"500\" height=\"500\" src=\"https:\/\/scierie-nogaret.com\/wp-content\/uploads\/2015\/07\/CL2.jpg\" class=\"vc_single_image-img attachment-full\" alt=\"\" decoding=\"async\" loading=\"lazy\" srcset=\"https:\/\/scierie-nogaret.com\/wp-content\/uploads\/2015\/07\/CL2.jpg 500w, https:\/\/scierie-nogaret.com\/wp-content\/uploads\/2015\/07\/CL2-150x150.jpg 150w, https:\/\/scierie-nogaret.com\/wp-content\/uploads\/2015\/07\/CL2-300x300.jpg 300w, https:\/\/scierie-nogaret.com\/wp-content\/uploads\/2015\/07\/CL2-100x100.jpg 100w\" sizes=\"(max-width: 500px) 100vw, 500px\" \/><\/div>\n\t\t<\/div>\n\t<\/div>\n<\/div><\/div><div class=\"wpb_column vc_column_container vc_col-sm-4\"><div class=\"wpb_wrapper\"><div class=\"vc_empty_space\"  style=\"height: 32px\" ><span\n\t\tclass=\"vc_empty_space_inner\"><\/span><\/div>\n<div class=\"vc_btn3-container  wpb_animate_when_almost_visible wpb_top-to-bottom vc_btn3-center\"><a class=\"vc_general vc_btn3 vc_btn3-size-md vc_btn3-shape-square vc_btn3-style-classic vc_btn3-color-grey\" href=\"https:\/\/scierie-nogaret.com\/index.php\/contact-us\/\" title=\"\" target=\"_self\">Nous contacter<\/a><\/div>\n<\/div><\/div><\/div>\n","protected":false},"excerpt":{"rendered":"Traitement Une charpente trait\u00e9e contre les attaques de xylophages est un gage de long\u00e9vit\u00e9 pour votre construction. Nous vous proposons [...]","protected":false},"author":1,"featured_media":0,"parent":0,"menu_order":0,"comment_status":"closed","ping_status":"closed","template":"","meta":[],"_links":{"self":[{"href":"https:\/\/scierie-nogaret.com\/index.php\/wp-json\/wp\/v2\/pages\/881"}],"collection":[{"href":"https:\/\/scierie-nogaret.com\/index.php\/wp-json\/wp\/v2\/pages"}],"about":[{"href":"https:\/\/scierie-nogaret.com\/index.php\/wp-json\/wp\/v2\/types\/page"}],"author":[{"embeddable":true,"href":"https:\/\/scierie-nogaret.com\/index.php\/wp-json\/wp\/v2\/users\/1"}],"replies":[{"embeddable":true,"href":"https:\/\/scierie-nogaret.com\/index.php\/wp-json\/wp\/v2\/comments?post=881"}],"version-history":[{"count":10,"href":"https:\/\/scierie-nogaret.com\/index.php\/wp-json\/wp\/v2\/pages\/881\/revisions"}],"predecessor-version":[{"id":994,"href":"https:\/\/scierie-nogaret.com\/index.php\/wp-json\/wp\/v2\/pages\/881\/revisions\/994"}],"wp:attachment":[{"href":"https:\/\/scierie-nogaret.com\/index.php\/wp-json\/wp\/v2\/media?parent=881"}],"curies":[{"name":"wp","href":"https:\/\/api.w.org\/{rel}","templated":true}]}}