{"id":799,"date":"2016-04-07T13:17:50","date_gmt":"2016-04-07T12:17:50","guid":{"rendered":"http:\/\/scierie-nogaret.com\/?page_id=799"},"modified":"2024-09-18T14:06:48","modified_gmt":"2024-09-18T13:06:48","slug":"telechargements","status":"publish","type":"page","link":"https:\/\/scierie-nogaret.com\/index.php\/telechargements\/","title":{"rendered":"t\u00e9l\u00e9chargements"},"content":{"rendered":"<div class=\"vc_row wpb_row vc_row-fluid\"><div class=\"wpb_column vc_column_container vc_col-sm-12\"><div class=\"wpb_wrapper\"><div class=\"vc_custom_heading\" ><h2 style=\"text-align: left;font-family:Abril Fatface;font-weight:400;font-style:normal\" >T\u00e9l\u00e9chargements<\/h2><\/div><\/div><\/div><\/div><div class=\"vc_row wpb_row vc_row-fluid\"><div class=\"wpb_column vc_column_container vc_col-sm-3\"><div class=\"wpb_wrapper\"><\/div><\/div><div class=\"wpb_column vc_column_container vc_col-sm-9\"><div class=\"wpb_wrapper\">\n\t<div class=\"wpb_text_column wpb_content_element \">\n\t\t<div class=\"wpb_wrapper\">\n\t\t\t<h5><a href=\"\/wp-content\/uploads\/2022\/01\/declaration-performance-2014.pdf\">D\u00e9claration de performance 2014<\/a><\/h5>\n\n\t\t<\/div>\n\t<\/div>\n\n\t<div class=\"wpb_text_column wpb_content_element \">\n\t\t<div class=\"wpb_wrapper\">\n\t\t\t<h5><a href=\"https:\/\/scierie-nogaret.com\/wp-content\/uploads\/2024\/09\/declaration-performance-2024.pdf\">D\u00e9claration de performance 2024<\/a><\/h5>\n\n\t\t<\/div>\n\t<\/div>\n<\/div><\/div><\/div>\n","protected":false},"excerpt":{"rendered":"T\u00e9l\u00e9chargements D\u00e9claration de performance 2014 D\u00e9claration de performance 2024","protected":false},"author":1,"featured_media":0,"parent":0,"menu_order":0,"comment_status":"closed","ping_status":"closed","template":"","meta":[],"_links":{"self":[{"href":"https:\/\/scierie-nogaret.com\/index.php\/wp-json\/wp\/v2\/pages\/799"}],"collection":[{"href":"https:\/\/scierie-nogaret.com\/index.php\/wp-json\/wp\/v2\/pages"}],"about":[{"href":"https:\/\/scierie-nogaret.com\/index.php\/wp-json\/wp\/v2\/types\/page"}],"author":[{"embeddable":true,"href":"https:\/\/scierie-nogaret.com\/index.php\/wp-json\/wp\/v2\/users\/1"}],"replies":[{"embeddable":true,"href":"https:\/\/scierie-nogaret.com\/index.php\/wp-json\/wp\/v2\/comments?post=799"}],"version-history":[{"count":4,"href":"https:\/\/scierie-nogaret.com\/index.php\/wp-json\/wp\/v2\/pages\/799\/revisions"}],"predecessor-version":[{"id":1151,"href":"https:\/\/scierie-nogaret.com\/index.php\/wp-json\/wp\/v2\/pages\/799\/revisions\/1151"}],"wp:attachment":[{"href":"https:\/\/scierie-nogaret.com\/index.php\/wp-json\/wp\/v2\/media?parent=799"}],"curies":[{"name":"wp","href":"https:\/\/api.w.org\/{rel}","templated":true}]}}