{"id":745,"date":"2016-03-30T13:42:59","date_gmt":"2016-03-30T12:42:59","guid":{"rendered":"http:\/\/scierie-nogaret.com\/?page_id=745"},"modified":"2016-04-18T15:04:34","modified_gmt":"2016-04-18T14:04:34","slug":"bois-energie","status":"publish","type":"page","link":"https:\/\/scierie-nogaret.com\/index.php\/bois-energie\/","title":{"rendered":"BOIS \u00c9NERGIE"},"content":{"rendered":"<div class=\"vc_row wpb_row vc_row-fluid\"><div class=\"wpb_column vc_column_container vc_col-sm-12\"><div class=\"wpb_wrapper\"><div class=\"vc_empty_space\"  style=\"height: 32px\" ><span\n\t\tclass=\"vc_empty_space_inner\"><\/span><\/div>\n<div class=\"vc_custom_heading\" ><h2 style=\"color: #013853;text-align: left;font-family:PT Serif;font-weight:700;font-style:normal\" >Bois \u00e9nergie<\/h2><\/div><div class=\"vc_separator wpb_content_element vc_separator_align_center vc_sep_width_100 vc_sep_pos_align_center vc_separator_no_text vc_sep_color_chino\"><span\n\t\tclass=\"vc_sep_holder vc_sep_holder_l\"><span\t\t\tclass=\"vc_sep_line\"><\/span><\/span><span\n\t\tclass=\"vc_sep_holder vc_sep_holder_r\"><span class=\"vc_sep_line\"><\/span><\/span>\n\t<\/div>\n<\/div><\/div><\/div><div class=\"vc_row wpb_row vc_row-fluid\"><div class=\"wpb_column vc_column_container vc_col-sm-3\"><div class=\"wpb_wrapper\"><\/div><\/div><div class=\"wpb_column vc_column_container vc_col-sm-3\"><div class=\"wpb_wrapper\">\n\t<div class=\"wpb_single_image wpb_content_element vc_align_left\">\n\t\t<div class=\"wpb_wrapper\">\n\t\t\t\n\t\t\t<div class=\"vc_single_image-wrapper   vc_box_border_grey\"><img width=\"967\" height=\"1380\" src=\"https:\/\/scierie-nogaret.com\/wp-content\/uploads\/2016\/03\/Sac-pellets.jpg\" class=\"vc_single_image-img attachment-full\" alt=\"\" decoding=\"async\" loading=\"lazy\" srcset=\"https:\/\/scierie-nogaret.com\/wp-content\/uploads\/2016\/03\/Sac-pellets.jpg 967w, https:\/\/scierie-nogaret.com\/wp-content\/uploads\/2016\/03\/Sac-pellets-210x300.jpg 210w, https:\/\/scierie-nogaret.com\/wp-content\/uploads\/2016\/03\/Sac-pellets-768x1096.jpg 768w, https:\/\/scierie-nogaret.com\/wp-content\/uploads\/2016\/03\/Sac-pellets-718x1024.jpg 718w\" sizes=\"(max-width: 967px) 100vw, 967px\" \/><\/div>\n\t\t<\/div>\n\t<\/div>\n<\/div><\/div><div class=\"wpb_column vc_column_container vc_col-sm-6\"><div class=\"wpb_wrapper\"><div class=\"vc_custom_heading\" ><h2 style=\"font-size: 18px;color: #013853;text-align: left\" >Granul\u00e9s de Bois<\/h2><\/div><div class=\"vc_custom_heading\" ><h2 style=\"font-size: 14px;color: #013853;text-align: left;font-family:PT Serif;font-weight:700;font-style:normal\" >Sac de 15 kg<\/h2><\/div><div class=\"vc_empty_space\"  style=\"height: 70px\" ><span\n\t\tclass=\"vc_empty_space_inner\"><\/span><\/div>\n<div class=\"vc_custom_heading\" ><h2 style=\"font-size: 14px;text-align: left\" >Combustible \u00e9cologique pour chaudi\u00e8res et po\u00eales automatiques<\/h2><\/div><div class=\"vc_custom_heading\" ><h2 style=\"font-size: 14px;text-align: left\" >Certifi\u00e9s DIN PLUS<\/h2><\/div><div class=\"vc_custom_heading\" ><h2 style=\"font-size: 14px;text-align: left\" >100 % r\u00e9sineux - Sans additif ni liant<\/h2><\/div><div class=\"vc_row wpb_row vc_inner vc_row-fluid\"><div class=\"wpb_column vc_column_container vc_col-sm-2\"><div class=\"wpb_wrapper\"><\/div><\/div><div class=\"wpb_column vc_column_container vc_col-sm-2\"><div class=\"wpb_wrapper\"><\/div><\/div><div class=\"wpb_column vc_column_container vc_col-sm-2\"><div class=\"wpb_wrapper\"><\/div><\/div><div class=\"wpb_column vc_column_container vc_col-sm-2\"><div class=\"wpb_wrapper\"><\/div><\/div><div class=\"wpb_column vc_column_container vc_col-sm-2\"><div class=\"wpb_wrapper\"><\/div><\/div><div class=\"wpb_column vc_column_container vc_col-sm-2\"><div class=\"wpb_wrapper\">\n\t<div class=\"wpb_single_image wpb_content_element vc_align_left\">\n\t\t<div class=\"wpb_wrapper\">\n\t\t\t\n\t\t\t<div class=\"vc_single_image-wrapper   vc_box_border_grey\"><img width=\"109\" height=\"94\" src=\"https:\/\/scierie-nogaret.com\/wp-content\/uploads\/2016\/03\/logoDINPLUS.jpg\" class=\"vc_single_image-img attachment-medium\" alt=\"\" decoding=\"async\" loading=\"lazy\" \/><\/div>\n\t\t<\/div>\n\t<\/div>\n<\/div><\/div><\/div><div class=\"vc_btn3-container  wpb_animate_when_almost_visible wpb_top-to-bottom vc_btn3-left\"><a class=\"vc_general vc_btn3 vc_btn3-size-md vc_btn3-shape-square vc_btn3-style-classic vc_btn3-color-grey\" href=\"https:\/\/scierie-nogaret.com\/index.php\/contact-us\/\" title=\"\" target=\"_self\">Nous contacter<\/a><\/div>\n<\/div><\/div><div class=\"wpb_column vc_column_container vc_col-sm-3\"><div class=\"wpb_wrapper\"><div class=\"vc_empty_space\"  style=\"height: 20px\" ><span\n\t\tclass=\"vc_empty_space_inner\"><\/span><\/div>\n<\/div><\/div><\/div><div class=\"vc_row wpb_row vc_row-fluid\"><div class=\"wpb_column vc_column_container vc_col-sm-3\"><div class=\"wpb_wrapper\"><div class=\"vc_empty_space\"  style=\"height: 32px\" ><span\n\t\tclass=\"vc_empty_space_inner\"><\/span><\/div>\n<\/div><\/div><div class=\"wpb_column vc_column_container vc_col-sm-3\"><div class=\"wpb_wrapper\">\n\t<div class=\"wpb_single_image wpb_content_element vc_align_left\">\n\t\t<div class=\"wpb_wrapper\">\n\t\t\t\n\t\t\t<div class=\"vc_single_image-wrapper   vc_box_border_grey\"><img width=\"370\" height=\"510\" src=\"https:\/\/scierie-nogaret.com\/wp-content\/uploads\/2016\/03\/plaquettes.jpg\" class=\"vc_single_image-img attachment-full\" alt=\"\" decoding=\"async\" loading=\"lazy\" srcset=\"https:\/\/scierie-nogaret.com\/wp-content\/uploads\/2016\/03\/plaquettes.jpg 370w, https:\/\/scierie-nogaret.com\/wp-content\/uploads\/2016\/03\/plaquettes-218x300.jpg 218w\" sizes=\"(max-width: 370px) 100vw, 370px\" \/><\/div>\n\t\t<\/div>\n\t<\/div>\n<div class=\"vc_empty_space\"  style=\"height: 20px\" ><span\n\t\tclass=\"vc_empty_space_inner\"><\/span><\/div>\n<\/div><\/div><div class=\"wpb_column vc_column_container vc_col-sm-6\"><div class=\"wpb_wrapper\"><div class=\"vc_custom_heading\" ><h2 style=\"font-size: 18px;color: #013853;text-align: left\" >Plaquettes de Bois<\/h2><\/div><div class=\"vc_empty_space\"  style=\"height: 32px\" ><span\n\t\tclass=\"vc_empty_space_inner\"><\/span><\/div>\n<\/div><\/div><div class=\"wpb_column vc_column_container vc_col-sm-3\"><div class=\"wpb_wrapper\"><div class=\"vc_btn3-container  wpb_animate_when_almost_visible wpb_top-to-bottom vc_btn3-left\"><a class=\"vc_general vc_btn3 vc_btn3-size-md vc_btn3-shape-square vc_btn3-style-classic vc_btn3-color-grey\" href=\"https:\/\/scierie-nogaret.com\/index.php\/contact-us\/\" title=\"\" target=\"_self\">Nous contacter<\/a><\/div>\n<\/div><\/div><\/div><div class=\"vc_row wpb_row vc_row-fluid\"><div class=\"wpb_column vc_column_container vc_col-sm-3\"><div class=\"wpb_wrapper\"><div class=\"vc_empty_space\"  style=\"height: 32px\" ><span\n\t\tclass=\"vc_empty_space_inner\"><\/span><\/div>\n<\/div><\/div><div class=\"wpb_column vc_column_container vc_col-sm-3\"><div class=\"wpb_wrapper\">\n\t<div class=\"wpb_single_image wpb_content_element vc_align_left\">\n\t\t<div class=\"wpb_wrapper\">\n\t\t\t\n\t\t\t<div class=\"vc_single_image-wrapper   vc_box_border_grey\"><img width=\"370\" height=\"497\" src=\"https:\/\/scierie-nogaret.com\/wp-content\/uploads\/2016\/03\/Sciure.jpg\" class=\"vc_single_image-img attachment-full\" alt=\"\" decoding=\"async\" loading=\"lazy\" srcset=\"https:\/\/scierie-nogaret.com\/wp-content\/uploads\/2016\/03\/Sciure.jpg 370w, https:\/\/scierie-nogaret.com\/wp-content\/uploads\/2016\/03\/Sciure-223x300.jpg 223w\" sizes=\"(max-width: 370px) 100vw, 370px\" \/><\/div>\n\t\t<\/div>\n\t<\/div>\n<\/div><\/div><div class=\"wpb_column vc_column_container vc_col-sm-6\"><div class=\"wpb_wrapper\"><div class=\"vc_custom_heading\" ><h2 style=\"font-size: 18px;color: #013853;text-align: left\" > Sciure de Bois<\/h2><\/div><div class=\"vc_empty_space\"  style=\"height: 32px\" ><span\n\t\tclass=\"vc_empty_space_inner\"><\/span><\/div>\n<div class=\"vc_btn3-container  wpb_animate_when_almost_visible wpb_top-to-bottom vc_btn3-left\"><a class=\"vc_general vc_btn3 vc_btn3-size-md vc_btn3-shape-square vc_btn3-style-classic vc_btn3-color-grey\" href=\"https:\/\/scierie-nogaret.com\/index.php\/contact-us\/\" title=\"\" target=\"_self\">Nous contacter<\/a><\/div>\n<\/div><\/div><div class=\"wpb_column vc_column_container vc_col-sm-3\"><div class=\"wpb_wrapper\"><\/div><\/div><\/div>\n","protected":false},"excerpt":{"rendered":"Bois \u00e9nergie Granul\u00e9s de BoisSac de 15 kg Combustible \u00e9cologique pour chaudi\u00e8res et po\u00eales automatiquesCertifi\u00e9s DIN PLUS100 % r\u00e9sineux - [...]","protected":false},"author":1,"featured_media":0,"parent":0,"menu_order":0,"comment_status":"closed","ping_status":"closed","template":"","meta":[],"_links":{"self":[{"href":"https:\/\/scierie-nogaret.com\/index.php\/wp-json\/wp\/v2\/pages\/745"}],"collection":[{"href":"https:\/\/scierie-nogaret.com\/index.php\/wp-json\/wp\/v2\/pages"}],"about":[{"href":"https:\/\/scierie-nogaret.com\/index.php\/wp-json\/wp\/v2\/types\/page"}],"author":[{"embeddable":true,"href":"https:\/\/scierie-nogaret.com\/index.php\/wp-json\/wp\/v2\/users\/1"}],"replies":[{"embeddable":true,"href":"https:\/\/scierie-nogaret.com\/index.php\/wp-json\/wp\/v2\/comments?post=745"}],"version-history":[{"count":11,"href":"https:\/\/scierie-nogaret.com\/index.php\/wp-json\/wp\/v2\/pages\/745\/revisions"}],"predecessor-version":[{"id":974,"href":"https:\/\/scierie-nogaret.com\/index.php\/wp-json\/wp\/v2\/pages\/745\/revisions\/974"}],"wp:attachment":[{"href":"https:\/\/scierie-nogaret.com\/index.php\/wp-json\/wp\/v2\/media?parent=745"}],"curies":[{"name":"wp","href":"https:\/\/api.w.org\/{rel}","templated":true}]}}