{"id":732,"date":"2016-03-30T13:34:21","date_gmt":"2016-03-30T12:34:21","guid":{"rendered":"http:\/\/scierie-nogaret.com\/?page_id=732"},"modified":"2016-04-07T15:07:43","modified_gmt":"2016-04-07T14:07:43","slug":"fermettes","status":"publish","type":"page","link":"https:\/\/scierie-nogaret.com\/index.php\/fermettes\/","title":{"rendered":"FERMETTES"},"content":{"rendered":"<div class=\"vc_row wpb_row vc_row-fluid\"><div class=\"wpb_column vc_column_container vc_col-sm-8\"><div class=\"wpb_wrapper\">\n\t<div class=\"wpb_single_image wpb_content_element vc_align_left  wpb_animate_when_almost_visible wpb_top-to-bottom\">\n\t\t<div class=\"wpb_wrapper\">\n\t\t\t\n\t\t\t<div class=\"vc_single_image-wrapper   vc_box_border_grey\"><img width=\"2080\" height=\"468\" src=\"https:\/\/scierie-nogaret.com\/wp-content\/uploads\/2016\/03\/Fermette-07.jpg\" class=\"vc_single_image-img attachment-full\" alt=\"\" decoding=\"async\" loading=\"lazy\" srcset=\"https:\/\/scierie-nogaret.com\/wp-content\/uploads\/2016\/03\/Fermette-07.jpg 2080w, https:\/\/scierie-nogaret.com\/wp-content\/uploads\/2016\/03\/Fermette-07-300x68.jpg 300w, https:\/\/scierie-nogaret.com\/wp-content\/uploads\/2016\/03\/Fermette-07-768x173.jpg 768w, https:\/\/scierie-nogaret.com\/wp-content\/uploads\/2016\/03\/Fermette-07-1024x230.jpg 1024w\" sizes=\"(max-width: 2080px) 100vw, 2080px\" \/><\/div>\n\t\t<\/div>\n\t<\/div>\n<\/div><\/div><div class=\"wpb_column vc_column_container vc_col-sm-4\"><div class=\"wpb_wrapper\">\n\t<div class=\"wpb_single_image wpb_content_element vc_align_left  wpb_animate_when_almost_visible wpb_top-to-bottom\">\n\t\t<div class=\"wpb_wrapper\">\n\t\t\t\n\t\t\t<div class=\"vc_single_image-wrapper   vc_box_border_grey\"><img width=\"980\" height=\"465\" src=\"https:\/\/scierie-nogaret.com\/wp-content\/uploads\/2016\/03\/Fermettes-ext\u00e9.jpg\" class=\"vc_single_image-img attachment-full\" alt=\"\" decoding=\"async\" loading=\"lazy\" srcset=\"https:\/\/scierie-nogaret.com\/wp-content\/uploads\/2016\/03\/Fermettes-ext\u00e9.jpg 980w, https:\/\/scierie-nogaret.com\/wp-content\/uploads\/2016\/03\/Fermettes-ext\u00e9-300x142.jpg 300w, https:\/\/scierie-nogaret.com\/wp-content\/uploads\/2016\/03\/Fermettes-ext\u00e9-768x364.jpg 768w\" sizes=\"(max-width: 980px) 100vw, 980px\" \/><\/div>\n\t\t<\/div>\n\t<\/div>\n<\/div><\/div><\/div><div class=\"vc_row wpb_row vc_row-fluid\"><div class=\"wpb_column vc_column_container vc_col-sm-12\"><div class=\"wpb_wrapper\"><div class=\"vc_row wpb_row vc_inner vc_row-fluid\"><div class=\"wpb_column vc_column_container vc_col-sm-4\"><div class=\"wpb_wrapper\">\n\t<div class=\"wpb_single_image wpb_content_element vc_align_left\">\n\t\t<div class=\"wpb_wrapper\">\n\t\t\t\n\t\t\t<div class=\"vc_single_image-wrapper   vc_box_border_grey\"><img width=\"500\" height=\"271\" src=\"https:\/\/scierie-nogaret.com\/wp-content\/uploads\/2016\/03\/camion-fermettes.jpg\" class=\"vc_single_image-img attachment-full\" alt=\"\" decoding=\"async\" loading=\"lazy\" srcset=\"https:\/\/scierie-nogaret.com\/wp-content\/uploads\/2016\/03\/camion-fermettes.jpg 500w, https:\/\/scierie-nogaret.com\/wp-content\/uploads\/2016\/03\/camion-fermettes-300x163.jpg 300w\" sizes=\"(max-width: 500px) 100vw, 500px\" \/><\/div>\n\t\t<\/div>\n\t<\/div>\n<\/div><\/div><div class=\"wpb_column vc_column_container vc_col-sm-8\"><div class=\"wpb_wrapper\"><div class=\"vc_custom_heading\" ><h2 style=\"font-size: 21px;text-align: left;font-family:Abril Fatface;font-weight:400;font-style:normal\" >Fabricant de fermettes depuis 30 ans, nous \u00e9tudions votre projet et \u00e9tablissons un devis gratuit pour des fermettes d'une port\u00e9e maximale de 14,50 ml :<\/h2><\/div><div class=\"vc_empty_space\"  style=\"height: 10px\" ><span\n\t\tclass=\"vc_empty_space_inner\"><\/span><\/div>\n<div class=\"vc_custom_heading\" ><h2 style=\"font-size: 14px;text-align: left\" >\u2022 conception r\u00e9alis\u00e9e en interne par notre bureau d'\u00e9tude \u00e0 partir de vos plans ;<\/h2><\/div><div class=\"vc_custom_heading\" ><h2 style=\"font-size: 14px;text-align: left\" >\u2022 fabrication dans notre atelier ;<\/h2><\/div><div class=\"vc_custom_heading\" ><h2 style=\"font-size: 14px;text-align: left\" >\u2022 transport sur chantier.<\/h2><\/div><div class=\"vc_empty_space\"  style=\"height: 8px\" ><span\n\t\tclass=\"vc_empty_space_inner\"><\/span><\/div>\n<div class=\"vc_custom_heading\" ><h2 style=\"font-size: 14px;text-align: left;font-family:Abril Fatface;font-weight:400;font-style:normal\" >Toutes nos fermettes b\u00e9n\u00e9ficient de la certification CE EN 14250 : 10 (\u00e9l\u00e9ments de structure pr\u00e9fabriqu\u00e9s assembl\u00e9s par des connecteurs \u00e0 plaque m\u00e9tallique emboutie utilis\u00e9 dans les b\u00e2timents) sous le n\u00b0 0380-CP-5133<\/h2><\/div><\/div><\/div><\/div><\/div><\/div><\/div><div class=\"vc_row wpb_row vc_row-fluid\"><div class=\"wpb_column vc_column_container vc_col-sm-12\"><div class=\"wpb_wrapper\"><div class=\"vc_custom_heading\" ><h2 style=\"font-size: 18px;text-align: left;font-family:Abril Fatface;font-weight:400;font-style:normal\" >Quelques exemples :<\/h2><\/div><div class=\"vc_row wpb_row vc_inner vc_row-fluid\"><div class=\"wpb_column vc_column_container vc_col-sm-2\"><div class=\"wpb_wrapper\">\n\t<div class=\"wpb_single_image wpb_content_element vc_align_left  wpb_animate_when_almost_visible wpb_appear\">\n\t\t<div class=\"wpb_wrapper\">\n\t\t\t\n\t\t\t<a class=\"prettyphoto\" rel=\"prettyPhoto[rel-732-8210686]\" href=\"https:\/\/scierie-nogaret.com\/wp-content\/uploads\/2016\/03\/maison-2-pentes-tronqu\u00e9es.jpg\" target=\"_self\"><div class=\"vc_single_image-wrapper   vc_box_border_grey\"><img width=\"300\" height=\"211\" src=\"https:\/\/scierie-nogaret.com\/wp-content\/uploads\/2016\/03\/maison-2-pentes-tronqu\u00e9es-300x211.jpg\" class=\"vc_single_image-img attachment-medium\" alt=\"\" decoding=\"async\" loading=\"lazy\" srcset=\"https:\/\/scierie-nogaret.com\/wp-content\/uploads\/2016\/03\/maison-2-pentes-tronqu\u00e9es-300x211.jpg 300w, https:\/\/scierie-nogaret.com\/wp-content\/uploads\/2016\/03\/maison-2-pentes-tronqu\u00e9es.jpg 564w\" sizes=\"(max-width: 300px) 100vw, 300px\" \/><\/div><\/a>\n\t\t<\/div>\n\t<\/div>\n<div class=\"vc_custom_heading\" ><h2 style=\"font-size: 12px;text-align: left\" >Maison \"2 pentes\" avec tronquages et d\u00e9bords de toit.<\/h2><\/div><\/div><\/div><div class=\"wpb_column vc_column_container vc_col-sm-2\"><div class=\"wpb_wrapper\">\n\t<div class=\"wpb_single_image wpb_content_element vc_align_left  wpb_animate_when_almost_visible wpb_appear\">\n\t\t<div class=\"wpb_wrapper\">\n\t\t\t\n\t\t\t<a class=\"prettyphoto\" rel=\"prettyPhoto[rel-732-1332075672]\" href=\"https:\/\/scierie-nogaret.com\/wp-content\/uploads\/2016\/03\/faitage-de-pente.jpg\" target=\"_self\"><div class=\"vc_single_image-wrapper   vc_box_border_grey\"><img width=\"300\" height=\"211\" src=\"https:\/\/scierie-nogaret.com\/wp-content\/uploads\/2016\/03\/faitage-de-pente-300x211.jpg\" class=\"vc_single_image-img attachment-medium\" alt=\"\" decoding=\"async\" loading=\"lazy\" srcset=\"https:\/\/scierie-nogaret.com\/wp-content\/uploads\/2016\/03\/faitage-de-pente-300x211.jpg 300w, https:\/\/scierie-nogaret.com\/wp-content\/uploads\/2016\/03\/faitage-de-pente.jpg 564w\" sizes=\"(max-width: 300px) 100vw, 300px\" \/><\/div><\/a>\n\t\t<\/div>\n\t<\/div>\n<div class=\"vc_custom_heading\" ><h2 style=\"font-size: 12px;text-align: left\" >Maison \"4 pentes\" avec faitage de pente, utilis\u00e9 lorsque les murs ne sont pas parall\u00e8les.<\/h2><\/div><\/div><\/div><div class=\"wpb_column vc_column_container vc_col-sm-2\"><div class=\"wpb_wrapper\">\n\t<div class=\"wpb_single_image wpb_content_element vc_align_left  wpb_animate_when_almost_visible wpb_appear\">\n\t\t<div class=\"wpb_wrapper\">\n\t\t\t\n\t\t\t<a class=\"prettyphoto\" rel=\"prettyPhoto[rel-732-1911944170]\" href=\"https:\/\/scierie-nogaret.com\/wp-content\/uploads\/2016\/03\/maison-en-L.jpg\" target=\"_self\"><div class=\"vc_single_image-wrapper   vc_box_border_grey\"><img width=\"300\" height=\"211\" src=\"https:\/\/scierie-nogaret.com\/wp-content\/uploads\/2016\/03\/maison-en-L-300x211.jpg\" class=\"vc_single_image-img attachment-medium\" alt=\"\" decoding=\"async\" loading=\"lazy\" srcset=\"https:\/\/scierie-nogaret.com\/wp-content\/uploads\/2016\/03\/maison-en-L-300x211.jpg 300w, https:\/\/scierie-nogaret.com\/wp-content\/uploads\/2016\/03\/maison-en-L.jpg 564w\" sizes=\"(max-width: 300px) 100vw, 300px\" \/><\/div><\/a>\n\t\t<\/div>\n\t<\/div>\n<div class=\"vc_custom_heading\" ><h2 style=\"font-size: 12px;text-align: left\" >Maison \"en L\" avec croupe 3 pentes \u00e0 chaque extr\u00e9mit\u00e9.<\/h2><\/div><\/div><\/div><div class=\"wpb_column vc_column_container vc_col-sm-2\"><div class=\"wpb_wrapper\">\n\t<div class=\"wpb_single_image wpb_content_element vc_align_left  wpb_animate_when_almost_visible wpb_appear\">\n\t\t<div class=\"wpb_wrapper\">\n\t\t\t\n\t\t\t<a class=\"prettyphoto\" rel=\"prettyPhoto[rel-732-223827744]\" href=\"https:\/\/scierie-nogaret.com\/wp-content\/uploads\/2016\/03\/maison-en-U.jpg\" target=\"_self\"><div class=\"vc_single_image-wrapper   vc_box_border_grey\"><img width=\"300\" height=\"211\" src=\"https:\/\/scierie-nogaret.com\/wp-content\/uploads\/2016\/03\/maison-en-U-300x211.jpg\" class=\"vc_single_image-img attachment-medium\" alt=\"\" decoding=\"async\" loading=\"lazy\" srcset=\"https:\/\/scierie-nogaret.com\/wp-content\/uploads\/2016\/03\/maison-en-U-300x211.jpg 300w, https:\/\/scierie-nogaret.com\/wp-content\/uploads\/2016\/03\/maison-en-U.jpg 564w\" sizes=\"(max-width: 300px) 100vw, 300px\" \/><\/div><\/a>\n\t\t<\/div>\n\t<\/div>\n<div class=\"vc_custom_heading\" ><h2 style=\"font-size: 12px;text-align: left\" >Maison \"en U\" avec croupe 3 pentes \u00e0 chaque extr\u00e9mit\u00e9, 2 noues.<\/h2><\/div><\/div><\/div><div class=\"wpb_column vc_column_container vc_col-sm-2\"><div class=\"wpb_wrapper\">\n\t<div class=\"wpb_single_image wpb_content_element vc_align_left  wpb_animate_when_almost_visible wpb_appear\">\n\t\t<div class=\"wpb_wrapper\">\n\t\t\t\n\t\t\t<a class=\"prettyphoto\" rel=\"prettyPhoto[rel-732-2098917350]\" href=\"https:\/\/scierie-nogaret.com\/wp-content\/uploads\/2016\/03\/maison-en-V.jpg\" target=\"_self\"><div class=\"vc_single_image-wrapper   vc_box_border_grey\"><img width=\"300\" height=\"211\" src=\"https:\/\/scierie-nogaret.com\/wp-content\/uploads\/2016\/03\/maison-en-V-300x211.jpg\" class=\"vc_single_image-img attachment-medium\" alt=\"\" decoding=\"async\" loading=\"lazy\" srcset=\"https:\/\/scierie-nogaret.com\/wp-content\/uploads\/2016\/03\/maison-en-V-300x211.jpg 300w, https:\/\/scierie-nogaret.com\/wp-content\/uploads\/2016\/03\/maison-en-V.jpg 564w\" sizes=\"(max-width: 300px) 100vw, 300px\" \/><\/div><\/a>\n\t\t<\/div>\n\t<\/div>\n<div class=\"vc_custom_heading\" ><h2 style=\"font-size: 12px;text-align: left\" >Maison \"en V\" 2 pentes avec tronquage d'un c\u00f4t\u00e9 et noue.<\/h2><\/div><\/div><\/div><div class=\"wpb_column vc_column_container vc_col-sm-2\"><div class=\"wpb_wrapper\">\n\t<div class=\"wpb_single_image wpb_content_element vc_align_left  wpb_animate_when_almost_visible wpb_appear\">\n\t\t<div class=\"wpb_wrapper\">\n\t\t\t\n\t\t\t<a class=\"prettyphoto\" rel=\"prettyPhoto[rel-732-1125508165]\" href=\"https:\/\/scierie-nogaret.com\/wp-content\/uploads\/2016\/03\/maison-etoile.jpg\" target=\"_self\"><div class=\"vc_single_image-wrapper   vc_box_border_grey\"><img width=\"300\" height=\"211\" src=\"https:\/\/scierie-nogaret.com\/wp-content\/uploads\/2016\/03\/maison-etoile-300x211.jpg\" class=\"vc_single_image-img attachment-medium\" alt=\"\" decoding=\"async\" loading=\"lazy\" srcset=\"https:\/\/scierie-nogaret.com\/wp-content\/uploads\/2016\/03\/maison-etoile-300x211.jpg 300w, https:\/\/scierie-nogaret.com\/wp-content\/uploads\/2016\/03\/maison-etoile.jpg 564w\" sizes=\"(max-width: 300px) 100vw, 300px\" \/><\/div><\/a>\n\t\t<\/div>\n\t<\/div>\n<div class=\"vc_custom_heading\" ><h2 style=\"font-size: 12px;text-align: left\" >Maison \"en \u00e9toile\" avec croupe 3 pentes \u00e0 deux extr\u00e9mit\u00e9s, sans mur de refend.<\/h2><\/div><\/div><\/div><\/div><\/div><\/div><\/div>\n","protected":false},"excerpt":{"rendered":"Fabricant de fermettes depuis 30 ans, nous \u00e9tudions votre projet et \u00e9tablissons un devis gratuit pour des fermettes d'une port\u00e9e [...]","protected":false},"author":1,"featured_media":0,"parent":0,"menu_order":0,"comment_status":"closed","ping_status":"closed","template":"","meta":[],"_links":{"self":[{"href":"https:\/\/scierie-nogaret.com\/index.php\/wp-json\/wp\/v2\/pages\/732"}],"collection":[{"href":"https:\/\/scierie-nogaret.com\/index.php\/wp-json\/wp\/v2\/pages"}],"about":[{"href":"https:\/\/scierie-nogaret.com\/index.php\/wp-json\/wp\/v2\/types\/page"}],"author":[{"embeddable":true,"href":"https:\/\/scierie-nogaret.com\/index.php\/wp-json\/wp\/v2\/users\/1"}],"replies":[{"embeddable":true,"href":"https:\/\/scierie-nogaret.com\/index.php\/wp-json\/wp\/v2\/comments?post=732"}],"version-history":[{"count":8,"href":"https:\/\/scierie-nogaret.com\/index.php\/wp-json\/wp\/v2\/pages\/732\/revisions"}],"predecessor-version":[{"id":837,"href":"https:\/\/scierie-nogaret.com\/index.php\/wp-json\/wp\/v2\/pages\/732\/revisions\/837"}],"wp:attachment":[{"href":"https:\/\/scierie-nogaret.com\/index.php\/wp-json\/wp\/v2\/media?parent=732"}],"curies":[{"name":"wp","href":"https:\/\/api.w.org\/{rel}","templated":true}]}}